{"id":770,"date":"2021-06-10T13:35:52","date_gmt":"2021-06-10T11:35:52","guid":{"rendered":"https:\/\/www.st-barth-fleurdelune.com\/?page_id=770"},"modified":"2024-05-24T19:03:23","modified_gmt":"2024-05-24T17:03:23","slug":"saint-barthelemy","status":"publish","type":"page","link":"https:\/\/www.st-barth-fleurdelune.com\/us\/saint-barthelemy\/","title":{"rendered":"Saint Barthelemy"},"content":{"rendered":"<div data-elementor-type=\"wp-page\" data-elementor-id=\"770\" class=\"elementor elementor-770\" data-elementor-post-type=\"page\">\n\t\t\t\t\t\t<section class=\"elementor-section elementor-top-section elementor-element elementor-element-7804279 elementor-section-height-min-height elementor-section-boxed elementor-section-height-default elementor-section-items-middle\" data-id=\"7804279\" data-element_type=\"section\" data-e-type=\"section\" data-settings=\"{&quot;background_background&quot;:&quot;classic&quot;,&quot;background_motion_fx_motion_fx_scrolling&quot;:&quot;yes&quot;,&quot;background_motion_fx_devices&quot;:[&quot;desktop&quot;,&quot;tablet&quot;,&quot;mobile&quot;]}\">\n\t\t\t\t\t\t\t<div class=\"elementor-background-overlay\"><\/div>\n\t\t\t\t\t\t\t<div class=\"elementor-container elementor-column-gap-default\">\n\t\t\t\t\t<div class=\"elementor-column elementor-col-100 elementor-top-column elementor-element elementor-element-31100e1\" data-id=\"31100e1\" data-element_type=\"column\" data-e-type=\"column\">\n\t\t\t<div class=\"elementor-widget-wrap elementor-element-populated\">\n\t\t\t\t\t\t<section class=\"elementor-section elementor-inner-section elementor-element elementor-element-be866be elementor-section-boxed elementor-section-height-default elementor-section-height-default\" data-id=\"be866be\" data-element_type=\"section\" data-e-type=\"section\">\n\t\t\t\t\t\t<div class=\"elementor-container elementor-column-gap-default\">\n\t\t\t\t\t<div class=\"elementor-column elementor-col-100 elementor-inner-column elementor-element elementor-element-b58dfc7\" data-id=\"b58dfc7\" data-element_type=\"column\" data-e-type=\"column\" data-settings=\"{&quot;background_background&quot;:&quot;classic&quot;}\">\n\t\t\t<div class=\"elementor-widget-wrap elementor-element-populated\">\n\t\t\t\t\t\t<div class=\"elementor-element elementor-element-e36019d elementor-widget elementor-widget-heading\" data-id=\"e36019d\" data-element_type=\"widget\" data-e-type=\"widget\" data-widget_type=\"heading.default\">\n\t\t\t\t\t<h1 class=\"elementor-heading-title elementor-size-default\">Saint Barth\u00e9l\u00e9my<\/h1>\t\t\t\t<\/div>\n\t\t\t\t\t<\/div>\n\t\t<\/div>\n\t\t\t\t\t<\/div>\n\t\t<\/section>\n\t\t\t\t\t<\/div>\n\t\t<\/div>\n\t\t\t\t\t<\/div>\n\t\t<\/section>\n\t\t\t\t<section class=\"elementor-section elementor-top-section elementor-element elementor-element-b9dd2c1 elementor-section-boxed elementor-section-height-default elementor-section-height-default\" data-id=\"b9dd2c1\" data-element_type=\"section\" data-e-type=\"section\">\n\t\t\t\t\t\t<div class=\"elementor-container elementor-column-gap-default\">\n\t\t\t\t\t<div class=\"elementor-column elementor-col-100 elementor-top-column elementor-element elementor-element-1503d87\" data-id=\"1503d87\" data-element_type=\"column\" data-e-type=\"column\">\n\t\t\t<div class=\"elementor-widget-wrap elementor-element-populated\">\n\t\t\t\t\t\t<div class=\"elementor-element elementor-element-12802f7 elementor-widget elementor-widget-template\" data-id=\"12802f7\" data-element_type=\"widget\" data-e-type=\"widget\" data-widget_type=\"template.default\">\n\t\t\t\t<div class=\"elementor-widget-container\">\n\t\t\t\t\t\t\t<div class=\"elementor-template\">\n\t\t\t\t\t<div data-elementor-type=\"section\" data-elementor-id=\"7149\" class=\"elementor elementor-7149\" data-elementor-post-type=\"elementor_library\">\n\t\t\t\t\t<section class=\"elementor-section elementor-top-section elementor-element elementor-element-1fc4dc1 elementor-hidden-desktop elementor-hidden-tablet elementor-hidden-mobile elementor-section-boxed elementor-section-height-default elementor-section-height-default\" data-id=\"1fc4dc1\" data-element_type=\"section\" data-e-type=\"section\" id=\"section-quicksearch\">\n\t\t\t\t\t\t<div class=\"elementor-container elementor-column-gap-default\">\n\t\t\t\t\t<div class=\"elementor-column elementor-col-100 elementor-top-column elementor-element elementor-element-67e4a37\" data-id=\"67e4a37\" data-element_type=\"column\" data-e-type=\"column\">\n\t\t\t<div class=\"elementor-widget-wrap elementor-element-populated\">\n\t\t\t\t\t\t<section class=\"elementor-section elementor-inner-section elementor-element elementor-element-9f6b452 elementor-section-content-middle elementor-section-boxed elementor-section-height-default elementor-section-height-default\" data-id=\"9f6b452\" data-element_type=\"section\" data-e-type=\"section\" data-settings=\"{&quot;background_background&quot;:&quot;classic&quot;}\">\n\t\t\t\t\t\t<div class=\"elementor-container elementor-column-gap-no\">\n\t\t\t\t\t<div class=\"elementor-column elementor-col-50 elementor-inner-column elementor-element elementor-element-f18a000\" data-id=\"f18a000\" data-element_type=\"column\" data-e-type=\"column\" data-settings=\"{&quot;background_background&quot;:&quot;classic&quot;}\">\n\t\t\t<div class=\"elementor-widget-wrap elementor-element-populated\">\n\t\t\t\t\t\t<div class=\"elementor-element elementor-element-db203c5 elementor-widget elementor-widget-heading\" data-id=\"db203c5\" data-element_type=\"widget\" data-e-type=\"widget\" data-widget_type=\"heading.default\">\n\t\t\t\t\t<div class=\"elementor-heading-title elementor-size-default\">Best <br \/> guaranteed prices<\/div>\t\t\t\t<\/div>\n\t\t\t\t<div class=\"elementor-element elementor-element-c23ddc8 elementor-widget elementor-widget-heading\" data-id=\"c23ddc8\" data-element_type=\"widget\" data-e-type=\"widget\" data-widget_type=\"heading.default\">\n\t\t\t\t\t<h2 class=\"elementor-heading-title elementor-size-default\">Official Website<\/h2>\t\t\t\t<\/div>\n\t\t\t\t\t<\/div>\n\t\t<\/div>\n\t\t\t\t<div class=\"elementor-column elementor-col-50 elementor-inner-column elementor-element elementor-element-406ca0d\" data-id=\"406ca0d\" data-element_type=\"column\" data-e-type=\"column\" id=\"quicksearch\">\n\t\t\t<div class=\"elementor-widget-wrap elementor-element-populated\">\n\t\t\t\t\t\t<div class=\"elementor-element elementor-element-0f3d692 elementor-widget elementor-widget-shortcode\" data-id=\"0f3d692\" data-element_type=\"widget\" data-e-type=\"widget\" data-widget_type=\"shortcode.default\">\n\t\t\t\t\t\t\t<div class=\"elementor-shortcode\"><div class=\"part-form\">\n\n\n    <form class=\"form-qs\" data-action=\"form-qs\" data-moteur=\"rv\" action=\"https:\/\/app.superhote.com\/#\/get-available-rentals\/hoLcXvI56YPYXdW0HFcRNm0fz?\" method=\"get\" target=\"_blank\" rel=\"noopener\" enctype=\"multipart\/form-data\">\n                <!--  <input type=\"hidden\" name=\"begin-date\" value=\"\" data-form-qs=\"begin-date\">-->\n        <input type=\"hidden\" name=\"locale\" value=\"fr\">\n      <!--  <input type=\"hidden\" name=\"hotelid\" value=\"3646\">\n        <input type=\"hidden\" name=\"custid\" value=\"2\">\n        <input type=\"hidden\" name=\"m\" value=\"booking\">-->\n\t        <label class=\"form-qs-field-container form-qs-date form-qs-begin\" data-form-qs=\"container\">\n        <span class=\"form-m-field\">\n            <i class=\"far fa-calendar\"><\/i>\n            <label>Arrival<\/label>\n            <input type=\"text\" placeholder=\"30\/04\/2026\"  name=\"begindate\" class=\"form-qs-input\" data-qs=\"start-calendar\" data-input-resize=\"true\" readonly>\n           <div class=\"fauxInput\">\n            <div class=\"jour\">30<\/div>\n\t    <span class=\"mois\">April<\/span>\n            <span class=\"annee\">2026<\/span>\n        <\/div>\n            <i class=\"fas fa-chevron-down\"><\/i>\n        <\/span>\n        <\/label>\n\n        <input type=\"hidden\" value=\"\" data-qs=\"arrivalDate\">\n        <input type=\"hidden\" name=\"startDate\" value=\"\" data-qs=\"arrivalDateBookEngine\">\n\n\n        <label class=\"form-qs-field-container form-qs-date form-qs-end\" data-form-qs=\"container\">\n        <span class=\"form-m-field\">\n             <i class=\"far fa-calendar\"><\/i>\n             <label>Departure<\/label>\n            <input type=\"text\" placeholder=\"01\/05\/2026\" name=\"enddate\" class=\"form-qs-input\" data-qs=\"end-calendar\" data-input-resize=\"true\" readonly>\n             <div class=\"fauxInput\">\n                    <div class=\"jour\">01<\/div>\n\t\t    <span class=\"mois\">May<\/span>\n                    <span class=\"annee\">2026<\/span>\n                <\/div>\n            <i class=\"fas fa-chevron-down\"><\/i>\n        <\/span>\n        <\/label>\n        <input type=\"hidden\" name=\"fday\" class=\"fday\" value=\"30\"\/>\n        <input type=\"hidden\" name=\"tmonth\" class=\"tmonth\" value=\"04\"\/>\n        <!--<input type=\"hidden\" name=\"fyear\" class=\"fyear\" value=\"\"\/>-->\n        <input type=\"hidden\" value=\"\" data-qs=\"departureDate\">\n        <input type=\"hidden\" name=\"endDate\" value=\"\" data-qs=\"departureDateBookEngine\">\n\n        <!--SELECT-->\n        <label class=\"form-qs-field-container form-qs-people\">\n       <span class=\"form-m-field form-m-select\">\n             <i class=\"fas fa-user\"><\/i>\n             <label>For<\/label>\n        <select name=\"items[0][adults]\" id=\"selectedAdultCount\" class=\"select_adult form-qs-input\" data-qs=\"select-adult\">\n                            <option value=\"2\">2<\/option>\n                            <option value=\"3\">3<\/option>\n                            <option value=\"4\">4<\/option>\n                            <option value=\"5\">5<\/option>\n                            <option value=\"6\">6<\/option>\n                            <option value=\"7\">7<\/option>\n                            <option value=\"8\">8<\/option>\n                            <option value=\"9\">9<\/option>\n                    <\/select>\n           <div class=\"pers\">people<\/div>\n             <i class=\"fas fa-chevron-down down-people\"><\/i>\n           <\/span>\n        <\/label>\n\n        <input type=\"submit\" class=\"btn-booking\" value=\"Book\">\n        <span data-qs=\"verify-end-changing\"><\/span>\n    <\/form>\n<\/div>\n<!--<script type=\"text\/javascript\" src=\"..\/wp-content\/themes\/hello-eliophot\/js\/translations\/en_EN.js\"><\/script>-->\n<script>\n    jQuery(document).ready(function($){\n        var userLang =  $(\"html\").attr(\"lang\");\n        if (userLang =='en-GB'){\n            userLang='en';\n        }\n\n\n        $('.form-qs input[name=\"langcode\"]').attr('value', userLang );\n        $('.form-qs .btn-booking').addClass(userLang);\n\n\n\n    });\n<\/script>\n<\/div>\n\t\t\t\t\t\t<\/div>\n\t\t\t\t\t<\/div>\n\t\t<\/div>\n\t\t\t\t\t<\/div>\n\t\t<\/section>\n\t\t\t\t\t<\/div>\n\t\t<\/div>\n\t\t\t\t\t<\/div>\n\t\t<\/section>\n\t\t\t\t<\/div>\n\t\t\t\t<\/div>\n\t\t\t\t\t\t<\/div>\n\t\t\t\t<\/div>\n\t\t\t\t\t<\/div>\n\t\t<\/div>\n\t\t\t\t\t<\/div>\n\t\t<\/section>\n\t\t\t\t<section class=\"elementor-section elementor-top-section elementor-element elementor-element-2eae0f1e elementor-section-content-middle elementor-section-boxed elementor-section-height-default elementor-section-height-default\" data-id=\"2eae0f1e\" data-element_type=\"section\" data-e-type=\"section\">\n\t\t\t\t\t\t\t<div class=\"elementor-background-overlay\"><\/div>\n\t\t\t\t\t\t\t<div class=\"elementor-container elementor-column-gap-default\">\n\t\t\t\t\t<div class=\"elementor-column elementor-col-50 elementor-top-column elementor-element elementor-element-48b1521e\" data-id=\"48b1521e\" data-element_type=\"column\" data-e-type=\"column\">\n\t\t\t<div class=\"elementor-widget-wrap elementor-element-populated\">\n\t\t\t\t\t\t<div class=\"elementor-element elementor-element-7b351705 elementor-widget elementor-widget-heading\" data-id=\"7b351705\" data-element_type=\"widget\" data-e-type=\"widget\" data-widget_type=\"heading.default\">\n\t\t\t\t\t<h2 class=\"elementor-heading-title elementor-size-default\">Saint Barth\u00e9l\u00e9my: <br>The art of being an island<\/h2>\t\t\t\t<\/div>\n\t\t\t\t<div class=\"elementor-element elementor-element-6a6b7f7d elementor-widget-divider--view-line elementor-widget elementor-widget-divider\" data-id=\"6a6b7f7d\" data-element_type=\"widget\" data-e-type=\"widget\" data-widget_type=\"divider.default\">\n\t\t\t\t\t\t\t<div class=\"elementor-divider\">\n\t\t\t<span class=\"elementor-divider-separator\">\n\t\t\t\t\t\t<\/span>\n\t\t<\/div>\n\t\t\t\t\t\t<\/div>\n\t\t\t\t<div class=\"elementor-element elementor-element-25c5a2bb elementor-widget elementor-widget-text-editor\" data-id=\"25c5a2bb\" data-element_type=\"widget\" data-e-type=\"widget\" data-widget_type=\"text-editor.default\">\n\t\t\t\t\t\t\t\t\t<p><span id=\"p163\">Book your stay in our hotel in Saint Barth.<\/span><span id=\"p172\">\u00a0<\/span><span id=\"p172\">Its capital Gustavia will surprise you with its monuments born from the Swedish interlude.<\/span><span id=\"p165\">\u00a0<\/span><\/p><p><span id=\"p165\">Discover more secret corners such as Anse du Gouverneur or Anse du Colombier.<\/span><span id=\"p166\">\u00a0<\/span><\/p><p><span id=\"p166\">Stroll, or simply rest, on one of the many beaches that<span id=\"170\" class=\"s-ve-t\">offer<\/span> the island of Saint Barth\u00e9l\u00e9my.<\/span><\/p><p><span id=\"p167\">Make a stop at the fishing village of Corossol which has kept its authenticity.<\/span><span id=\"p173\">\u00a0<\/span><\/p><p><span id=\"p173\">Let yourself be surprised by the wild landscape, with an almost Irish accent, of Grand Fond.<\/span><\/p>\t\t\t\t\t\t\t\t<\/div>\n\t\t\t\t\t<\/div>\n\t\t<\/div>\n\t\t\t\t<div class=\"elementor-column elementor-col-50 elementor-top-column elementor-element elementor-element-52e5dab7\" data-id=\"52e5dab7\" data-element_type=\"column\" data-e-type=\"column\">\n\t\t\t<div class=\"elementor-widget-wrap elementor-element-populated\">\n\t\t\t\t\t\t<div class=\"elementor-element elementor-element-5606eb0 elementor-widget elementor-widget-image\" data-id=\"5606eb0\" data-element_type=\"widget\" data-e-type=\"widget\" data-widget_type=\"image.default\">\n\t\t\t\t\t\t\t\t\t\t\t\t\t\t\t<img fetchpriority=\"high\" decoding=\"async\" width=\"640\" height=\"480\" src=\"https:\/\/www.st-barth-fleurdelune.com\/wp-content\/uploads\/2024\/02\/st-barthelemy-entete.png\" class=\"attachment-full size-full wp-image-10413\" alt=\"\" srcset=\"https:\/\/www.st-barth-fleurdelune.com\/wp-content\/uploads\/2024\/02\/st-barthelemy-entete.png 640w, https:\/\/www.st-barth-fleurdelune.com\/wp-content\/uploads\/2024\/02\/st-barthelemy-entete-300x225.png 300w, https:\/\/www.st-barth-fleurdelune.com\/wp-content\/uploads\/2024\/02\/st-barthelemy-entete-16x12.png 16w\" sizes=\"(max-width: 640px) 100vw, 640px\" title=\"Photo -\">\t\t\t\t\t\t\t\t\t\t\t\t\t\t\t<\/div>\n\t\t\t\t\t<\/div>\n\t\t<\/div>\n\t\t\t\t\t<\/div>\n\t\t<\/section>\n\t\t\t\t<section class=\"elementor-section elementor-top-section elementor-element elementor-element-16122582 elementor-section-height-min-height elementor-section-boxed elementor-section-height-default elementor-section-items-middle\" data-id=\"16122582\" data-element_type=\"section\" data-e-type=\"section\" data-settings=\"{&quot;background_background&quot;:&quot;video&quot;,&quot;background_video_link&quot;:&quot;https:\\\/\\\/www.youtube.com\\\/watch?v=SdL1LmWwUkk&quot;,&quot;background_play_on_mobile&quot;:&quot;yes&quot;}\">\n\t\t\t\t\t\t\t\t<div class=\"elementor-background-video-container\">\n\t\t\t\t\t\t\t\t\t\t\t\t\t<div class=\"elementor-background-video-embed\" role=\"presentation\"><\/div>\n\t\t\t\t\t\t\t\t\t\t\t\t<\/div>\n\t\t\t\t\t\t\t\t<div class=\"elementor-container elementor-column-gap-default\">\n\t\t\t\t\t<div class=\"elementor-column elementor-col-100 elementor-top-column elementor-element elementor-element-0432540\" data-id=\"0432540\" data-element_type=\"column\" data-e-type=\"column\">\n\t\t\t<div class=\"elementor-widget-wrap\">\n\t\t\t\t\t\t\t<\/div>\n\t\t<\/div>\n\t\t\t\t\t<\/div>\n\t\t<\/section>\n\t\t\t\t<\/div>","protected":false},"excerpt":{"rendered":"<p>Saint Barth\u00e9l\u00e9my Saint Barth\u00e9l\u00e9my: The art of being an island Book your stay at our hotel in Saint Barth. The capital, Gustavia, will surprise you with its monuments dating back to the Swedish period.  Discover more secret spots such as Anse du Gouverneur or Anse du Colombier.  Stroll along, or simply relax on, one of the many beaches [...]<\/p>","protected":false},"author":2,"featured_media":0,"parent":0,"menu_order":0,"comment_status":"closed","ping_status":"closed","template":"","meta":{"inline_featured_image":false,"footnotes":""},"class_list":["post-770","page","type-page","status-publish","hentry"],"_links":{"self":[{"href":"https:\/\/www.st-barth-fleurdelune.com\/us\/wp-json\/wp\/v2\/pages\/770","targetHints":{"allow":["GET"]}}],"collection":[{"href":"https:\/\/www.st-barth-fleurdelune.com\/us\/wp-json\/wp\/v2\/pages"}],"about":[{"href":"https:\/\/www.st-barth-fleurdelune.com\/us\/wp-json\/wp\/v2\/types\/page"}],"author":[{"embeddable":true,"href":"https:\/\/www.st-barth-fleurdelune.com\/us\/wp-json\/wp\/v2\/users\/2"}],"replies":[{"embeddable":true,"href":"https:\/\/www.st-barth-fleurdelune.com\/us\/wp-json\/wp\/v2\/comments?post=770"}],"version-history":[{"count":118,"href":"https:\/\/www.st-barth-fleurdelune.com\/us\/wp-json\/wp\/v2\/pages\/770\/revisions"}],"predecessor-version":[{"id":10520,"href":"https:\/\/www.st-barth-fleurdelune.com\/us\/wp-json\/wp\/v2\/pages\/770\/revisions\/10520"}],"wp:attachment":[{"href":"https:\/\/www.st-barth-fleurdelune.com\/us\/wp-json\/wp\/v2\/media?parent=770"}],"curies":[{"name":"wp","href":"https:\/\/api.w.org\/{rel}","templated":true}]}}